{"id":28860,"date":"2020-09-02T10:44:52","date_gmt":"2020-09-02T08:44:52","guid":{"rendered":"https:\/\/111760.brentex.ch\/?page_id=28860"},"modified":"2023-02-23T14:56:29","modified_gmt":"2023-02-23T13:56:29","slug":"treuhand","status":"publish","type":"page","link":"https:\/\/centrallusitana-rf.ch\/fr\/treuhand\/","title":{"rendered":"Comptabilit\u00e9"},"content":{"rendered":"<div data-elementor-type=\"wp-page\" data-elementor-id=\"28860\" data-post-id=\"28860\" data-obj-id=\"28860\" class=\"elementor elementor-28860 dce-elementor-post-28860\" data-elementor-post-type=\"page\">\n\t\t\t\t\t\t<section data-dce-background-overlay-color=\"#333D40\" data-dce-background-image-url=\"https:\/\/centrallusitana-rf.ch\/wp-content\/uploads\/2020\/09\/scott-graham-OQMZwNd3ThU-unsplash-scaled.jpg\" class=\"elementor-section elementor-top-section elementor-element elementor-element-4f7692a0 elementor-section-height-min-height elementor-section-boxed elementor-section-height-default elementor-section-items-middle\" data-id=\"4f7692a0\" data-element_type=\"section\" data-settings=\"{&quot;background_background&quot;:&quot;classic&quot;}\">\n\t\t\t\t\t\t\t<div class=\"elementor-background-overlay\"><\/div>\n\t\t\t\t\t\t\t<div class=\"elementor-container elementor-column-gap-default\">\n\t\t\t\t\t<div class=\"elementor-column elementor-col-100 elementor-top-column elementor-element elementor-element-1aaac97f\" data-id=\"1aaac97f\" data-element_type=\"column\">\n\t\t\t<div class=\"elementor-widget-wrap elementor-element-populated\">\n\t\t\t\t\t\t<div class=\"elementor-element elementor-element-429810cf elementor-invisible elementor-widget elementor-widget-heading\" data-id=\"429810cf\" data-element_type=\"widget\" data-settings=\"{&quot;_animation&quot;:&quot;fadeInDown&quot;}\" data-widget_type=\"heading.default\">\n\t\t\t\t<div class=\"elementor-widget-container\">\n\t\t\t<h1 class=\"elementor-heading-title elementor-size-default\">Comptabilit\u00e9<\/h1>\t\t<\/div>\n\t\t\t\t<\/div>\n\t\t\t\t\t<\/div>\n\t\t<\/div>\n\t\t\t\t\t<\/div>\n\t\t<\/section>\n\t\t\t\t<section data-dce-background-overlay-color=\"#F8F8F8\" data-dce-background-image-url=\"https:\/\/centrallusitana-rf.ch\/wp-content\/uploads\/2020\/09\/topography-1.svg\" class=\"elementor-section elementor-top-section elementor-element elementor-element-d92d7f8 elementor-section-boxed elementor-section-height-default elementor-section-height-default\" data-id=\"d92d7f8\" data-element_type=\"section\" data-settings=\"{&quot;background_background&quot;:&quot;classic&quot;}\">\n\t\t\t\t\t\t\t<div class=\"elementor-background-overlay\"><\/div>\n\t\t\t\t\t\t\t<div class=\"elementor-container elementor-column-gap-default\">\n\t\t\t\t\t<div class=\"elementor-column elementor-col-33 elementor-top-column elementor-element elementor-element-1f1481e\" data-id=\"1f1481e\" data-element_type=\"column\">\n\t\t\t<div class=\"elementor-widget-wrap elementor-element-populated\">\n\t\t\t\t\t\t<div class=\"elementor-element elementor-element-8f5b399 elementor-widget elementor-widget-heading\" data-id=\"8f5b399\" data-element_type=\"widget\" data-widget_type=\"heading.default\">\n\t\t\t\t<div class=\"elementor-widget-container\">\n\t\t\t<h1 class=\"elementor-heading-title elementor-size-default\">Votre comptabilit\u00e9 entre de bonnes mains<\/h1>\t\t<\/div>\n\t\t\t\t<\/div>\n\t\t\t\t<div class=\"elementor-element elementor-element-6dc581b elementor-widget elementor-widget-image\" data-id=\"6dc581b\" data-element_type=\"widget\" data-widget_type=\"image.default\">\n\t\t\t\t<div class=\"elementor-widget-container\">\n\t\t\t\t\t\t\t\t\t\t\t\t\t<img decoding=\"async\" width=\"169\" height=\"23\" src=\"https:\/\/centrallusitana-rf.ch\/wp-content\/uploads\/2020\/09\/underline.png\" class=\"attachment-large size-large wp-image-29634\" alt=\"\" \/>\t\t\t\t\t\t\t\t\t\t\t\t\t<\/div>\n\t\t\t\t<\/div>\n\t\t\t\t<div class=\"elementor-element elementor-element-ee807e8 elementor-widget elementor-widget-text-editor\" data-id=\"ee807e8\" data-element_type=\"widget\" data-widget_type=\"text-editor.default\">\n\t\t\t\t<div class=\"elementor-widget-container\">\n\t\t\t\t\t\t\tNous vous soutenons afin que vous puissiez vous concentrer sur l'essentiel, \u00e0 savoir votre activit\u00e9 principale. Qu'il s'agisse de votre comptabilit\u00e9, de vos \u00e9tats financiers et de bien d'autres choses encore, nous sommes l'interlocuteur qu'il vous faut. \t\t\t\t\t\t<\/div>\n\t\t\t\t<\/div>\n\t\t\t\t<div class=\"elementor-element elementor-element-f4fe49e elementor-align-left elementor-widget elementor-widget-button\" data-id=\"f4fe49e\" data-element_type=\"widget\" data-widget_type=\"button.default\">\n\t\t\t\t<div class=\"elementor-widget-container\">\n\t\t\t\t\t<div class=\"elementor-button-wrapper\">\n\t\t\t<a class=\"elementor-button elementor-button-link elementor-size-sm\" href=\"https:\/\/centrallusitana-rf.ch\/fr\/kontakt\/\">\n\t\t\t\t\t\t<span class=\"elementor-button-content-wrapper\">\n\t\t\t\t\t\t\t\t\t<span class=\"elementor-button-text\">Contactez-nous<\/span>\n\t\t\t\t\t<\/span>\n\t\t\t\t\t<\/a>\n\t\t<\/div>\n\t\t\t\t<\/div>\n\t\t\t\t<\/div>\n\t\t\t\t\t<\/div>\n\t\t<\/div>\n\t\t\t\t<div class=\"elementor-column elementor-col-33 elementor-top-column elementor-element elementor-element-0bc59cc\" data-id=\"0bc59cc\" data-element_type=\"column\" data-settings=\"{&quot;background_background&quot;:&quot;classic&quot;}\">\n\t\t\t<div class=\"elementor-widget-wrap elementor-element-populated\">\n\t\t\t\t\t\t<div class=\"elementor-element elementor-element-bef340b elementor-widget elementor-widget-heading\" data-id=\"bef340b\" data-element_type=\"widget\" data-widget_type=\"heading.default\">\n\t\t\t\t<div class=\"elementor-widget-container\">\n\t\t\t<h2 class=\"elementor-heading-title elementor-size-default\">\u00c9tape 1<\/h2>\t\t<\/div>\n\t\t\t\t<\/div>\n\t\t\t\t<div class=\"elementor-element elementor-element-8eaf7e8 elementor-widget elementor-widget-heading\" data-id=\"8eaf7e8\" data-element_type=\"widget\" data-widget_type=\"heading.default\">\n\t\t\t\t<div class=\"elementor-widget-container\">\n\t\t\t<h5 class=\"elementor-heading-title elementor-size-default\">Contactez-nous<\/h5>\t\t<\/div>\n\t\t\t\t<\/div>\n\t\t\t\t<div class=\"elementor-element elementor-element-23c428f elementor-widget elementor-widget-text-editor\" data-id=\"23c428f\" data-element_type=\"widget\" data-widget_type=\"text-editor.default\">\n\t\t\t\t<div class=\"elementor-widget-container\">\n\t\t\t\t\t\t\t<p>Remplissez notre formulaire de contact sans obligation et sans complication ou appelez-nous.\u00a0<\/p>\t\t\t\t\t\t<\/div>\n\t\t\t\t<\/div>\n\t\t\t\t\t<\/div>\n\t\t<\/div>\n\t\t\t\t<div class=\"elementor-column elementor-col-33 elementor-top-column elementor-element elementor-element-0d74fad\" data-id=\"0d74fad\" data-element_type=\"column\" data-settings=\"{&quot;background_background&quot;:&quot;classic&quot;}\">\n\t\t\t<div class=\"elementor-widget-wrap elementor-element-populated\">\n\t\t\t\t\t\t<div class=\"elementor-element elementor-element-a9fc844 elementor-widget elementor-widget-heading\" data-id=\"a9fc844\" data-element_type=\"widget\" data-widget_type=\"heading.default\">\n\t\t\t\t<div class=\"elementor-widget-container\">\n\t\t\t<h2 class=\"elementor-heading-title elementor-size-default\">\u00c9tape 2<\/h2>\t\t<\/div>\n\t\t\t\t<\/div>\n\t\t\t\t<div class=\"elementor-element elementor-element-e9ffdd8 elementor-widget elementor-widget-heading\" data-id=\"e9ffdd8\" data-element_type=\"widget\" data-widget_type=\"heading.default\">\n\t\t\t\t<div class=\"elementor-widget-container\">\n\t\t\t<h5 class=\"elementor-heading-title elementor-size-default\">Une r\u00e9ponse dans les 2 jours<\/h5>\t\t<\/div>\n\t\t\t\t<\/div>\n\t\t\t\t<div class=\"elementor-element elementor-element-e1cbe54 elementor-widget elementor-widget-text-editor\" data-id=\"e1cbe54\" data-element_type=\"widget\" data-widget_type=\"text-editor.default\">\n\t\t\t\t<div class=\"elementor-widget-container\">\n\t\t\t\t\t\t\t<p>Nous vous contacterons et vous aiderons rapidement et de fa\u00e7on d\u00e9taill\u00e9e.<\/p>\t\t\t\t\t\t<\/div>\n\t\t\t\t<\/div>\n\t\t\t\t\t<\/div>\n\t\t<\/div>\n\t\t\t\t\t<\/div>\n\t\t<\/section>\n\t\t\t\t<section class=\"elementor-section elementor-top-section elementor-element elementor-element-c7ee255 elementor-section-boxed elementor-section-height-default elementor-section-height-default\" data-id=\"c7ee255\" data-element_type=\"section\" data-settings=\"{&quot;background_background&quot;:&quot;classic&quot;}\">\n\t\t\t\t\t\t<div class=\"elementor-container elementor-column-gap-default\">\n\t\t\t\t\t<div class=\"elementor-column elementor-col-50 elementor-top-column elementor-element elementor-element-e1d7321\" data-id=\"e1d7321\" data-element_type=\"column\">\n\t\t\t<div class=\"elementor-widget-wrap elementor-element-populated\">\n\t\t\t\t\t\t<div class=\"elementor-element elementor-element-a48f28c elementor-widget elementor-widget-heading\" data-id=\"a48f28c\" data-element_type=\"widget\" data-widget_type=\"heading.default\">\n\t\t\t\t<div class=\"elementor-widget-container\">\n\t\t\t<h2 class=\"elementor-heading-title elementor-size-default\">Pour de plus amples informations, veuillez nous contacter<\/h2>\t\t<\/div>\n\t\t\t\t<\/div>\n\t\t\t\t\t<\/div>\n\t\t<\/div>\n\t\t\t\t<div class=\"elementor-column elementor-col-50 elementor-top-column elementor-element elementor-element-d20a51c\" data-id=\"d20a51c\" data-element_type=\"column\">\n\t\t\t<div class=\"elementor-widget-wrap elementor-element-populated\">\n\t\t\t\t\t\t<div class=\"elementor-element elementor-element-93c10ff elementor-align-center elementor-widget elementor-widget-button\" data-id=\"93c10ff\" data-element_type=\"widget\" data-widget_type=\"button.default\">\n\t\t\t\t<div class=\"elementor-widget-container\">\n\t\t\t\t\t<div class=\"elementor-button-wrapper\">\n\t\t\t<a class=\"elementor-button elementor-button-link elementor-size-sm\" href=\"https:\/\/centrallusitana-rf.ch\/fr\/kontakt\/\">\n\t\t\t\t\t\t<span class=\"elementor-button-content-wrapper\">\n\t\t\t\t\t\t\t\t\t<span class=\"elementor-button-text\">Contactez-nous<\/span>\n\t\t\t\t\t<\/span>\n\t\t\t\t\t<\/a>\n\t\t<\/div>\n\t\t\t\t<\/div>\n\t\t\t\t<\/div>\n\t\t\t\t\t<\/div>\n\t\t<\/div>\n\t\t\t\t\t<\/div>\n\t\t<\/section>\n\t\t\t\t<\/div>","protected":false},"excerpt":{"rendered":"<p>Treuhand Ihre Buchhaltung in sicheren H\u00e4nden Wir unterst\u00fctzen Sie, damit Sie sich aufs Wesentliche konzentrieren k\u00f6nnen, n\u00e4mlich Ihr Kerngesch\u00e4ft. Sei es Ihre Buchhaltung, Abschl\u00fcsse, Lohnabrechnungen und vieles mehr &#8211; wir sind Ihr richtiger Ansprechspartner. Kontaktieren Sie uns Schritt 1 Kontaktieren Sie uns F\u00fcllen Sie v\u00f6llig unverbindlich und unkompliziert unser Kontaktformular aus oder rufen Sie uns [&hellip;]<\/p>","protected":false},"author":2,"featured_media":31899,"parent":0,"menu_order":8,"comment_status":"closed","ping_status":"closed","template":"elementor_header_footer","meta":{"footnotes":""},"class_list":["post-28860","page","type-page","status-publish","has-post-thumbnail","hentry"],"aioseo_notices":[],"_links":{"self":[{"href":"https:\/\/centrallusitana-rf.ch\/fr\/wp-json\/wp\/v2\/pages\/28860"}],"collection":[{"href":"https:\/\/centrallusitana-rf.ch\/fr\/wp-json\/wp\/v2\/pages"}],"about":[{"href":"https:\/\/centrallusitana-rf.ch\/fr\/wp-json\/wp\/v2\/types\/page"}],"author":[{"embeddable":true,"href":"https:\/\/centrallusitana-rf.ch\/fr\/wp-json\/wp\/v2\/users\/2"}],"replies":[{"embeddable":true,"href":"https:\/\/centrallusitana-rf.ch\/fr\/wp-json\/wp\/v2\/comments?post=28860"}],"version-history":[{"count":61,"href":"https:\/\/centrallusitana-rf.ch\/fr\/wp-json\/wp\/v2\/pages\/28860\/revisions"}],"predecessor-version":[{"id":32143,"href":"https:\/\/centrallusitana-rf.ch\/fr\/wp-json\/wp\/v2\/pages\/28860\/revisions\/32143"}],"wp:featuredmedia":[{"embeddable":true,"href":"https:\/\/centrallusitana-rf.ch\/fr\/wp-json\/wp\/v2\/media\/31899"}],"wp:attachment":[{"href":"https:\/\/centrallusitana-rf.ch\/fr\/wp-json\/wp\/v2\/media?parent=28860"}],"curies":[{"name":"wp","href":"https:\/\/api.w.org\/{rel}","templated":true}]}}