{"id":28894,"date":"2020-09-02T12:56:30","date_gmt":"2020-09-02T10:56:30","guid":{"rendered":"http:\/\/111760.brentex.ch\/?page_id=28894"},"modified":"2022-05-30T16:27:32","modified_gmt":"2022-05-30T14:27:32","slug":"impressum","status":"publish","type":"page","link":"https:\/\/centrallusitana-rf.ch\/fr\/impressum\/","title":{"rendered":"Impressum"},"content":{"rendered":"<div data-elementor-type=\"wp-page\" data-elementor-id=\"28894\" data-post-id=\"28894\" data-obj-id=\"28894\" class=\"elementor elementor-28894 dce-elementor-post-28894\" data-elementor-post-type=\"page\">\n\t\t\t\t\t\t<section data-dce-background-overlay-color=\"#F8F8F8\" data-dce-background-image-url=\"https:\/\/centrallusitana-rf.ch\/wp-content\/uploads\/2020\/09\/topography-1.svg\" class=\"elementor-section elementor-top-section elementor-element elementor-element-efd4f0c elementor-section-boxed elementor-section-height-default elementor-section-height-default\" data-id=\"efd4f0c\" data-element_type=\"section\" data-settings=\"{&quot;background_background&quot;:&quot;classic&quot;}\">\n\t\t\t\t\t\t\t<div class=\"elementor-background-overlay\"><\/div>\n\t\t\t\t\t\t\t<div class=\"elementor-container elementor-column-gap-default\">\n\t\t\t\t\t<div class=\"elementor-column elementor-col-100 elementor-top-column elementor-element elementor-element-6638859\" data-id=\"6638859\" data-element_type=\"column\">\n\t\t\t<div class=\"elementor-widget-wrap elementor-element-populated\">\n\t\t\t\t\t\t<div class=\"elementor-element elementor-element-871145d elementor-widget elementor-widget-heading\" data-id=\"871145d\" data-element_type=\"widget\" data-widget_type=\"heading.default\">\n\t\t\t\t<div class=\"elementor-widget-container\">\n\t\t\t<h1 class=\"elementor-heading-title elementor-size-default\">Impressum<\/h1>\t\t<\/div>\n\t\t\t\t<\/div>\n\t\t\t\t<div class=\"elementor-element elementor-element-fdad277 elementor-widget elementor-widget-heading\" data-id=\"fdad277\" data-element_type=\"widget\" data-widget_type=\"heading.default\">\n\t\t\t\t<div class=\"elementor-widget-container\">\n\t\t\t<h3 class=\"elementor-heading-title elementor-size-default\">Propri\u00e9taire du site Web<\/h3>\t\t<\/div>\n\t\t\t\t<\/div>\n\t\t\t\t<div class=\"elementor-element elementor-element-5f1b486 elementor-widget elementor-widget-text-editor\" data-id=\"5f1b486\" data-element_type=\"widget\" data-widget_type=\"text-editor.default\">\n\t\t\t\t<div class=\"elementor-widget-container\">\n\t\t\t\t\t\t\t<p>CL-Centrallusitana GmbH<br \/>Route de fret 3<br \/>CH 6060 Sarnen<\/p><p>T\u00e9l\u00e9phone <span style=\"color: #000000;\"><a style=\"color: #000000;\" href=\"tel:04166083778\">041 660 83 77\/8<\/a><\/span><\/p><p>E-Mail: <span style=\"color: #000000;\"><a style=\"color: #000000;\" href=\"mailto:info@centrallusitana-rf.ch\">info@centrallusitana-rf.ch<\/a><\/span><\/p>\t\t\t\t\t\t<\/div>\n\t\t\t\t<\/div>\n\t\t\t\t<div class=\"elementor-element elementor-element-b3535b0 elementor-widget elementor-widget-heading\" data-id=\"b3535b0\" data-element_type=\"widget\" data-widget_type=\"heading.default\">\n\t\t\t\t<div class=\"elementor-widget-container\">\n\t\t\t<h3 class=\"elementor-heading-title elementor-size-default\">Webdesign<\/h3>\t\t<\/div>\n\t\t\t\t<\/div>\n\t\t\t\t<div class=\"elementor-element elementor-element-ac4153a elementor-widget elementor-widget-text-editor\" data-id=\"ac4153a\" data-element_type=\"widget\" data-widget_type=\"text-editor.default\">\n\t\t\t\t<div class=\"elementor-widget-container\">\n\t\t\t\t\t\t\t<p class=\" translation-block\">Ce site Web a \u00e9t\u00e9 cr\u00e9\u00e9 par Brentex GmbH.<\/p>\t\t\t\t\t\t<\/div>\n\t\t\t\t<\/div>\n\t\t\t\t<div class=\"elementor-element elementor-element-b47f540 elementor-widget elementor-widget-heading\" data-id=\"b47f540\" data-element_type=\"widget\" data-widget_type=\"heading.default\">\n\t\t\t\t<div class=\"elementor-widget-container\">\n\t\t\t<h3 class=\"elementor-heading-title elementor-size-default\">Copyright<\/h3>\t\t<\/div>\n\t\t\t\t<\/div>\n\t\t\t\t<div class=\"elementor-element elementor-element-c0eafc1 elementor-widget elementor-widget-text-editor\" data-id=\"c0eafc1\" data-element_type=\"widget\" data-widget_type=\"text-editor.default\">\n\t\t\t\t<div class=\"elementor-widget-container\">\n\t\t\t\t\t\t\t<p>Le contenu de ce site Web est soumis au droit d'auteur de CL-Centrallusitana GmbH.<\/p>\t\t\t\t\t\t<\/div>\n\t\t\t\t<\/div>\n\t\t\t\t\t<\/div>\n\t\t<\/div>\n\t\t\t\t\t<\/div>\n\t\t<\/section>\n\t\t\t\t<\/div>","protected":false},"excerpt":{"rendered":"<p>Impressum Inhaber der Webseite CL-Centrallusitana GmbH G\u00fcterstrasse 3 CH 6060 Sarnen Telefon: 041 660 83 77\/8 E-Mail: info@centrallusitana-rf.ch Webdesign Diese Webseite wurde durch die&nbsp;Brentex GmbH&nbsp;erstellt. Copyright Die Inhalte dieser Webseite unterliegen dem Copyright der CL-Centrallusitana GmbH.<\/p>","protected":false},"author":2,"featured_media":31899,"parent":0,"menu_order":14,"comment_status":"closed","ping_status":"closed","template":"elementor_header_footer","meta":{"footnotes":""},"class_list":["post-28894","page","type-page","status-publish","has-post-thumbnail","hentry"],"aioseo_notices":[],"_links":{"self":[{"href":"https:\/\/centrallusitana-rf.ch\/fr\/wp-json\/wp\/v2\/pages\/28894"}],"collection":[{"href":"https:\/\/centrallusitana-rf.ch\/fr\/wp-json\/wp\/v2\/pages"}],"about":[{"href":"https:\/\/centrallusitana-rf.ch\/fr\/wp-json\/wp\/v2\/types\/page"}],"author":[{"embeddable":true,"href":"https:\/\/centrallusitana-rf.ch\/fr\/wp-json\/wp\/v2\/users\/2"}],"replies":[{"embeddable":true,"href":"https:\/\/centrallusitana-rf.ch\/fr\/wp-json\/wp\/v2\/comments?post=28894"}],"version-history":[{"count":38,"href":"https:\/\/centrallusitana-rf.ch\/fr\/wp-json\/wp\/v2\/pages\/28894\/revisions"}],"predecessor-version":[{"id":31913,"href":"https:\/\/centrallusitana-rf.ch\/fr\/wp-json\/wp\/v2\/pages\/28894\/revisions\/31913"}],"wp:featuredmedia":[{"embeddable":true,"href":"https:\/\/centrallusitana-rf.ch\/fr\/wp-json\/wp\/v2\/media\/31899"}],"wp:attachment":[{"href":"https:\/\/centrallusitana-rf.ch\/fr\/wp-json\/wp\/v2\/media?parent=28894"}],"curies":[{"name":"wp","href":"https:\/\/api.w.org\/{rel}","templated":true}]}}