{"id":30542,"date":"2020-10-19T12:21:33","date_gmt":"2020-10-19T10:21:33","guid":{"rendered":"https:\/\/111760.brentex.ch\/?page_id=30542"},"modified":"2022-05-30T16:25:30","modified_gmt":"2022-05-30T14:25:30","slug":"sonstige-dienstleistungen","status":"publish","type":"page","link":"https:\/\/centrallusitana-rf.ch\/fr\/sonstige-dienstleistungen\/","title":{"rendered":"Autres services"},"content":{"rendered":"<div data-elementor-type=\"wp-page\" data-elementor-id=\"30542\" data-post-id=\"30542\" data-obj-id=\"30542\" class=\"elementor elementor-30542 dce-elementor-post-30542\" data-elementor-post-type=\"page\">\n\t\t\t\t\t\t<section data-dce-background-image-url=\"https:\/\/centrallusitana-rf.ch\/wp-content\/uploads\/2020\/09\/tyler-franta-iusJ25iYu1c-unsplash-scaled.jpg\" class=\"elementor-section elementor-top-section elementor-element elementor-element-08a82e5 elementor-section-height-min-height elementor-section-boxed elementor-section-height-default elementor-section-items-middle\" data-id=\"08a82e5\" data-element_type=\"section\" data-settings=\"{&quot;background_background&quot;:&quot;classic&quot;}\">\n\t\t\t\t\t\t\t<div class=\"elementor-background-overlay\"><\/div>\n\t\t\t\t\t\t\t<div class=\"elementor-container elementor-column-gap-default\">\n\t\t\t\t\t<div class=\"elementor-column elementor-col-100 elementor-top-column elementor-element elementor-element-0f27756\" data-id=\"0f27756\" data-element_type=\"column\">\n\t\t\t<div class=\"elementor-widget-wrap elementor-element-populated\">\n\t\t\t\t\t\t<div class=\"elementor-element elementor-element-f7e36c9 elementor-invisible elementor-widget elementor-widget-heading\" data-id=\"f7e36c9\" data-element_type=\"widget\" data-settings=\"{&quot;_animation&quot;:&quot;fadeInDown&quot;}\" data-widget_type=\"heading.default\">\n\t\t\t\t<div class=\"elementor-widget-container\">\n\t\t\t<h1 class=\"elementor-heading-title elementor-size-default\">Autres services<\/h1>\t\t<\/div>\n\t\t\t\t<\/div>\n\t\t\t\t\t<\/div>\n\t\t<\/div>\n\t\t\t\t\t<\/div>\n\t\t<\/section>\n\t\t\t\t<section data-dce-background-overlay-color=\"#F8F8F8\" data-dce-background-image-url=\"https:\/\/centrallusitana-rf.ch\/wp-content\/uploads\/2020\/09\/topography-1.svg\" class=\"elementor-section elementor-top-section elementor-element elementor-element-3e6868f elementor-section-boxed elementor-section-height-default elementor-section-height-default\" data-id=\"3e6868f\" data-element_type=\"section\" data-settings=\"{&quot;background_background&quot;:&quot;classic&quot;}\">\n\t\t\t\t\t\t\t<div class=\"elementor-background-overlay\"><\/div>\n\t\t\t\t\t\t\t<div class=\"elementor-container elementor-column-gap-default\">\n\t\t\t\t\t<div class=\"elementor-column elementor-col-50 elementor-top-column elementor-element elementor-element-b24b4f0\" data-id=\"b24b4f0\" data-element_type=\"column\">\n\t\t\t<div class=\"elementor-widget-wrap elementor-element-populated\">\n\t\t\t\t\t\t<div class=\"elementor-element elementor-element-f0e4077 elementor-widget elementor-widget-heading\" data-id=\"f0e4077\" data-element_type=\"widget\" data-widget_type=\"heading.default\">\n\t\t\t\t<div class=\"elementor-widget-container\">\n\t\t\t<h1 class=\"elementor-heading-title elementor-size-default\">Nous vous soutenons partout o\u00f9 nous le pouvons<\/h1>\t\t<\/div>\n\t\t\t\t<\/div>\n\t\t\t\t<div class=\"elementor-element elementor-element-b97945c elementor-widget elementor-widget-image\" data-id=\"b97945c\" data-element_type=\"widget\" data-widget_type=\"image.default\">\n\t\t\t\t<div class=\"elementor-widget-container\">\n\t\t\t\t\t\t\t\t\t\t\t\t\t<img decoding=\"async\" width=\"169\" height=\"23\" src=\"https:\/\/centrallusitana-rf.ch\/wp-content\/uploads\/2020\/09\/underline.png\" class=\"attachment-large size-large wp-image-29634\" alt=\"\" \/>\t\t\t\t\t\t\t\t\t\t\t\t\t<\/div>\n\t\t\t\t<\/div>\n\t\t\t\t<div class=\"elementor-element elementor-element-25a119e elementor-widget elementor-widget-text-editor\" data-id=\"25a119e\" data-element_type=\"widget\" data-widget_type=\"text-editor.default\">\n\t\t\t\t<div class=\"elementor-widget-container\">\n\t\t\t\t\t\t\t<p>Avez-vous besoin d'aide pour des choses g\u00e9n\u00e9rales, comme l'organisation de documents ? Nous sommes heureux de vous aider sans complication.<\/p>\t\t\t\t\t\t<\/div>\n\t\t\t\t<\/div>\n\t\t\t\t<div class=\"elementor-element elementor-element-441eaba elementor-align-left elementor-widget elementor-widget-button\" data-id=\"441eaba\" data-element_type=\"widget\" data-widget_type=\"button.default\">\n\t\t\t\t<div class=\"elementor-widget-container\">\n\t\t\t\t\t<div class=\"elementor-button-wrapper\">\n\t\t\t<a class=\"elementor-button elementor-button-link elementor-size-sm\" href=\"https:\/\/centrallusitana-rf.ch\/fr\/kontakt\/\">\n\t\t\t\t\t\t<span class=\"elementor-button-content-wrapper\">\n\t\t\t\t\t\t\t\t\t<span class=\"elementor-button-text\">Contactez-nous<\/span>\n\t\t\t\t\t<\/span>\n\t\t\t\t\t<\/a>\n\t\t<\/div>\n\t\t\t\t<\/div>\n\t\t\t\t<\/div>\n\t\t\t\t\t<\/div>\n\t\t<\/div>\n\t\t\t\t<div class=\"elementor-column elementor-col-50 elementor-top-column elementor-element elementor-element-d51e7dd\" data-id=\"d51e7dd\" data-element_type=\"column\" data-settings=\"{&quot;background_background&quot;:&quot;classic&quot;}\">\n\t\t\t<div class=\"elementor-widget-wrap elementor-element-populated\">\n\t\t\t\t\t\t<div class=\"elementor-element elementor-element-ff0b5d4 elementor-widget elementor-widget-heading\" data-id=\"ff0b5d4\" data-element_type=\"widget\" data-widget_type=\"heading.default\">\n\t\t\t\t<div class=\"elementor-widget-container\">\n\t\t\t<h5 class=\"elementor-heading-title elementor-size-default\">Autres services:<\/h5>\t\t<\/div>\n\t\t\t\t<\/div>\n\t\t\t\t<div class=\"elementor-element elementor-element-e3cca91 elementor-widget elementor-widget-text-editor\" data-id=\"e3cca91\" data-element_type=\"widget\" data-widget_type=\"text-editor.default\">\n\t\t\t\t<div class=\"elementor-widget-container\">\n\t\t\t\t\t\t\t<ul><li>Lettre de licenciement<\/li><li>Certificat de r\u00e9sidence<\/li><li>Remplir les formulaires RAV<\/li><li>AVS<\/li><li>Les retraits de fonds<\/li><li>Appels<\/li><li>Immatriculation des v\u00e9hicules<\/li><li>Extrait du casier judiciaire<\/li><li>Curriculum vitae et lettre de motivation<\/li><li>etc.<\/li><\/ul>\t\t\t\t\t\t<\/div>\n\t\t\t\t<\/div>\n\t\t\t\t\t<\/div>\n\t\t<\/div>\n\t\t\t\t\t<\/div>\n\t\t<\/section>\n\t\t\t\t<\/div>","protected":false},"excerpt":{"rendered":"<p>Sonstige Dienstleistungen Wir unterst\u00fctzen Sie, wo wir nur k\u00f6nnen Brauchen Sie Unterst\u00fctzung bei allgemeinen Sachen, wie z.B. dem Organisieren von Dokumenten? Wir helfen Ihnen gerne und unkompliziert. Kontaktieren Sie uns Sonstige Dienstleistungen: Entlassungsschreiben Aufenthaltsbescheinigung Ausf\u00fcllen von RAV-Formularen AHV Abhebungen von Geldern Anrufe Registrierung von Fahrzeugen Strafregisterauszug Lebenslauf und Anschreiben etc.<\/p>","protected":false},"author":2,"featured_media":31899,"parent":0,"menu_order":6,"comment_status":"closed","ping_status":"closed","template":"elementor_header_footer","meta":{"footnotes":""},"class_list":["post-30542","page","type-page","status-publish","has-post-thumbnail","hentry"],"aioseo_notices":[],"_links":{"self":[{"href":"https:\/\/centrallusitana-rf.ch\/fr\/wp-json\/wp\/v2\/pages\/30542"}],"collection":[{"href":"https:\/\/centrallusitana-rf.ch\/fr\/wp-json\/wp\/v2\/pages"}],"about":[{"href":"https:\/\/centrallusitana-rf.ch\/fr\/wp-json\/wp\/v2\/types\/page"}],"author":[{"embeddable":true,"href":"https:\/\/centrallusitana-rf.ch\/fr\/wp-json\/wp\/v2\/users\/2"}],"replies":[{"embeddable":true,"href":"https:\/\/centrallusitana-rf.ch\/fr\/wp-json\/wp\/v2\/comments?post=30542"}],"version-history":[{"count":11,"href":"https:\/\/centrallusitana-rf.ch\/fr\/wp-json\/wp\/v2\/pages\/30542\/revisions"}],"predecessor-version":[{"id":31905,"href":"https:\/\/centrallusitana-rf.ch\/fr\/wp-json\/wp\/v2\/pages\/30542\/revisions\/31905"}],"wp:featuredmedia":[{"embeddable":true,"href":"https:\/\/centrallusitana-rf.ch\/fr\/wp-json\/wp\/v2\/media\/31899"}],"wp:attachment":[{"href":"https:\/\/centrallusitana-rf.ch\/fr\/wp-json\/wp\/v2\/media?parent=30542"}],"curies":[{"name":"wp","href":"https:\/\/api.w.org\/{rel}","templated":true}]}}