{"id":32289,"date":"2026-02-11T16:55:51","date_gmt":"2026-02-11T15:55:51","guid":{"rendered":"https:\/\/centrallusitana-rf.ch\/?page_id=32289"},"modified":"2026-03-24T15:31:31","modified_gmt":"2026-03-24T14:31:31","slug":"vorsorge","status":"publish","type":"page","link":"https:\/\/centrallusitana-rf.ch\/fr\/vorsorge\/","title":{"rendered":"Pr\u00e9voyance priv\u00e9e"},"content":{"rendered":"<div data-elementor-type=\"wp-page\" data-elementor-id=\"32289\" data-post-id=\"32289\" data-obj-id=\"32289\" class=\"elementor elementor-32289 dce-elementor-post-32289\" data-elementor-post-type=\"page\">\n\t\t\t\t\t\t<section data-dce-background-image-url=\"https:\/\/centrallusitana-rf.ch\/wp-content\/uploads\/2020\/10\/austin-distel-jpHw8ndwJ_Q-unsplash-scaled-2.jpeg\" class=\"elementor-section elementor-top-section elementor-element elementor-element-0f35bbd elementor-section-height-min-height elementor-section-boxed elementor-section-height-default elementor-section-items-middle\" data-id=\"0f35bbd\" data-element_type=\"section\" data-settings=\"{&quot;background_background&quot;:&quot;classic&quot;}\">\n\t\t\t\t\t\t\t<div class=\"elementor-background-overlay\"><\/div>\n\t\t\t\t\t\t\t<div class=\"elementor-container elementor-column-gap-default\">\n\t\t\t\t\t<div class=\"elementor-column elementor-col-100 elementor-top-column elementor-element elementor-element-72ee1db\" data-id=\"72ee1db\" data-element_type=\"column\">\n\t\t\t<div class=\"elementor-widget-wrap elementor-element-populated\">\n\t\t\t\t\t\t<div class=\"elementor-element elementor-element-b4dc76a elementor-invisible elementor-widget elementor-widget-heading\" data-id=\"b4dc76a\" data-element_type=\"widget\" data-settings=\"{&quot;_animation&quot;:&quot;fadeInDown&quot;}\" data-widget_type=\"heading.default\">\n\t\t\t\t<div class=\"elementor-widget-container\">\n\t\t\t<h1 class=\"elementor-heading-title elementor-size-default\">Pr\u00e9voyance priv\u00e9e<\/h1>\t\t<\/div>\n\t\t\t\t<\/div>\n\t\t\t\t\t<\/div>\n\t\t<\/div>\n\t\t\t\t\t<\/div>\n\t\t<\/section>\n\t\t\t\t<section class=\"elementor-section elementor-top-section elementor-element elementor-element-0ac0fe3 elementor-section-boxed elementor-section-height-default elementor-section-height-default\" data-id=\"0ac0fe3\" data-element_type=\"section\">\n\t\t\t\t\t\t<div class=\"elementor-container elementor-column-gap-default\">\n\t\t\t\t\t<div class=\"elementor-column elementor-col-50 elementor-top-column elementor-element elementor-element-fa172d9\" data-id=\"fa172d9\" data-element_type=\"column\">\n\t\t\t<div class=\"elementor-widget-wrap elementor-element-populated\">\n\t\t\t\t\t\t<div class=\"elementor-element elementor-element-8973514 elementor-widget elementor-widget-heading\" data-id=\"8973514\" data-element_type=\"widget\" data-widget_type=\"heading.default\">\n\t\t\t\t<div class=\"elementor-widget-container\">\n\t\t\t<h1 class=\"elementor-heading-title elementor-size-default\">Prot\u00e9gez ce qui vous tient \u00e0 c\u0153ur  Pensez d\u00e8s maintenant \u00e0 votre pr\u00e9voyance<\/h1>\t\t<\/div>\n\t\t\t\t<\/div>\n\t\t\t\t\t<\/div>\n\t\t<\/div>\n\t\t\t\t<div class=\"elementor-column elementor-col-50 elementor-top-column elementor-element elementor-element-8cd75a0\" data-id=\"8cd75a0\" data-element_type=\"column\">\n\t\t\t<div class=\"elementor-widget-wrap elementor-element-populated\">\n\t\t\t\t\t\t<div class=\"elementor-element elementor-element-6ca5f37 elementor-widget__width-initial elementor-widget elementor-widget-heading\" data-id=\"6ca5f37\" data-element_type=\"widget\" data-widget_type=\"heading.default\">\n\t\t\t\t<div class=\"elementor-widget-container\">\n\t\t\t<h1 class=\"elementor-heading-title elementor-size-default\">Remplir en ligne<\/h1>\t\t<\/div>\n\t\t\t\t<\/div>\n\t\t\t\t<div class=\"elementor-element elementor-element-b3bcc22 elementor-widget elementor-widget-spacer\" data-id=\"b3bcc22\" data-element_type=\"widget\" data-widget_type=\"spacer.default\">\n\t\t\t\t<div class=\"elementor-widget-container\">\n\t\t\t\t\t<div class=\"elementor-spacer\">\n\t\t\t<div class=\"elementor-spacer-inner\"><\/div>\n\t\t<\/div>\n\t\t\t\t<\/div>\n\t\t\t\t<\/div>\n\t\t\t\t<div class=\"elementor-element elementor-element-2edcb4e elementor-widget elementor-widget-heading\" data-id=\"2edcb4e\" data-element_type=\"widget\" data-widget_type=\"heading.default\">\n\t\t\t\t<div class=\"elementor-widget-container\">\n\t\t\t<h1 class=\"elementor-heading-title elementor-size-default\">Analyse de la pr\u00e9voyance<\/h1>\t\t<\/div>\n\t\t\t\t<\/div>\n\t\t\t\t<div class=\"elementor-element elementor-element-e4e883c elementor-widget elementor-widget-text-editor\" data-id=\"e4e883c\" data-element_type=\"widget\" data-widget_type=\"text-editor.default\">\n\t\t\t\t<div class=\"elementor-widget-container\">\n\t\t\t\t\t\t\t<p>Au fil de la vie, les objectifs, les responsabilit\u00e9s et la situation financi\u00e8re \u00e9voluent. Pour que votre couverture reste adapt\u00e9e \u00e0 chaque \u00e9tape de votre vie, il est judicieux de planifier votre pr\u00e9voyance priv\u00e9e suffisamment t\u00f4t et de l'adapter r\u00e9guli\u00e8rement. Ainsi, vous et votre famille b\u00e9n\u00e9ficierez d'une protection \u00e0 long terme.<\/p>\t\t\t\t\t\t<\/div>\n\t\t\t\t<\/div>\n\t\t\t\t<div class=\"elementor-element elementor-element-05883b7 elementor-align-left elementor-widget elementor-widget-button\" data-id=\"05883b7\" data-element_type=\"widget\" data-widget_type=\"button.default\">\n\t\t\t\t<div class=\"elementor-widget-container\">\n\t\t\t\t\t<div class=\"elementor-button-wrapper\">\n\t\t\t<a class=\"elementor-button elementor-button-link elementor-size-sm\" href=\"#elementor-action:action=popup:open&settings=eyJpZCI6IjMyMjg1IiwidG9nZ2xlIjpmYWxzZX0=\" rel=\"nofollow\">\n\t\t\t\t\t\t<span class=\"elementor-button-content-wrapper\">\n\t\t\t\t\t\t\t\t\t<span class=\"elementor-button-text\">Commencer maintenant<\/span>\n\t\t\t\t\t<\/span>\n\t\t\t\t\t<\/a>\n\t\t<\/div>\n\t\t\t\t<\/div>\n\t\t\t\t<\/div>\n\t\t\t\t\t<\/div>\n\t\t<\/div>\n\t\t\t\t\t<\/div>\n\t\t<\/section>\n\t\t\t\t<section data-dce-background-overlay-color=\"#F8F8F8\" data-dce-background-image-url=\"https:\/\/centrallusitana-rf.ch\/wp-content\/uploads\/2020\/09\/topography-1.svg\" class=\"elementor-section elementor-top-section elementor-element elementor-element-0e315f6 elementor-section-boxed elementor-section-height-default elementor-section-height-default\" data-id=\"0e315f6\" data-element_type=\"section\" data-settings=\"{&quot;background_background&quot;:&quot;classic&quot;}\">\n\t\t\t\t\t\t\t<div class=\"elementor-background-overlay\"><\/div>\n\t\t\t\t\t\t\t<div class=\"elementor-container elementor-column-gap-default\">\n\t\t\t\t\t<div class=\"elementor-column elementor-col-100 elementor-top-column elementor-element elementor-element-b88ecbf\" data-id=\"b88ecbf\" data-element_type=\"column\">\n\t\t\t<div class=\"elementor-widget-wrap elementor-element-populated\">\n\t\t\t\t\t\t<section class=\"elementor-section elementor-inner-section elementor-element elementor-element-cc3d23b elementor-section-boxed elementor-section-height-default elementor-section-height-default\" data-id=\"cc3d23b\" data-element_type=\"section\">\n\t\t\t\t\t\t<div class=\"elementor-container elementor-column-gap-default\">\n\t\t\t\t\t<div class=\"elementor-column elementor-col-33 elementor-inner-column elementor-element elementor-element-3c1561c\" data-id=\"3c1561c\" data-element_type=\"column\" data-settings=\"{&quot;background_background&quot;:&quot;classic&quot;}\">\n\t\t\t<div class=\"elementor-widget-wrap elementor-element-populated\">\n\t\t\t\t\t\t<div class=\"elementor-element elementor-element-83d6112 elementor-widget elementor-widget-heading\" data-id=\"83d6112\" data-element_type=\"widget\" data-widget_type=\"heading.default\">\n\t\t\t\t<div class=\"elementor-widget-container\">\n\t\t\t<h5 class=\"elementor-heading-title elementor-size-default\">1er pilier : la pr\u00e9voyance publique<\/h5>\t\t<\/div>\n\t\t\t\t<\/div>\n\t\t\t\t<div class=\"elementor-element elementor-element-c6b6210 elementor-widget elementor-widget-text-editor\" data-id=\"c6b6210\" data-element_type=\"widget\" data-widget_type=\"text-editor.default\">\n\t\t\t\t<div class=\"elementor-widget-container\">\n\t\t\t\t\t\t\t<p>Le 1er pilier constitue la base de la protection sociale en Suisse. Il garantit que les personnes \u00e2g\u00e9es, en cas d'invalidit\u00e9 ou de d\u00e9c\u00e8s, b\u00e9n\u00e9ficient d'une s\u00e9curit\u00e9 financi\u00e8re et puissent subvenir \u00e0 leurs besoins minimaux.<\/p>\t\t\t\t\t\t<\/div>\n\t\t\t\t<\/div>\n\t\t\t\t<div class=\"elementor-element elementor-element-f6a44f6 elementor-widget elementor-widget-spacer\" data-id=\"f6a44f6\" data-element_type=\"widget\" data-widget_type=\"spacer.default\">\n\t\t\t\t<div class=\"elementor-widget-container\">\n\t\t\t\t\t<div class=\"elementor-spacer\">\n\t\t\t<div class=\"elementor-spacer-inner\"><\/div>\n\t\t<\/div>\n\t\t\t\t<\/div>\n\t\t\t\t<\/div>\n\t\t\t\t<div class=\"elementor-element elementor-element-5ff8f75 elementor-widget elementor-widget-heading\" data-id=\"5ff8f75\" data-element_type=\"widget\" data-widget_type=\"heading.default\">\n\t\t\t\t<div class=\"elementor-widget-container\">\n\t\t\t<h5 class=\"elementor-heading-title elementor-size-default\">Objectif du 1er pilier<\/h5>\t\t<\/div>\n\t\t\t\t<\/div>\n\t\t\t\t<div class=\"elementor-element elementor-element-ce408ea elementor-widget elementor-widget-text-editor\" data-id=\"ce408ea\" data-element_type=\"widget\" data-widget_type=\"text-editor.default\">\n\t\t\t\t<div class=\"elementor-widget-container\">\n\t\t\t\t\t\t\t<ul data-start=\"578\" data-end=\"770\"><li data-start=\"578\" data-end=\"610\"><p data-start=\"580\" data-end=\"610\">Garantie du minimum vital<\/p><\/li><li data-start=\"611\" data-end=\"661\"><p data-start=\"613\" data-end=\"661\">Protection de la personne assur\u00e9e et de sa famille<\/p><\/li><li data-start=\"662\" data-end=\"698\"><p data-start=\"664\" data-end=\"698\">Aide financi\u00e8re pour les personnes \u00e2g\u00e9es<\/p><\/li><li data-start=\"699\" data-end=\"734\"><p data-start=\"701\" data-end=\"734\">Prestations en cas d'incapacit\u00e9 de travail<\/p><\/li><li data-start=\"735\" data-end=\"770\"><p data-start=\"737\" data-end=\"770\">Protection des proches en cas de d\u00e9c\u00e8s<\/p><\/li><\/ul>\t\t\t\t\t\t<\/div>\n\t\t\t\t<\/div>\n\t\t\t\t\t<\/div>\n\t\t<\/div>\n\t\t\t\t<div class=\"elementor-column elementor-col-33 elementor-inner-column elementor-element elementor-element-343e520\" data-id=\"343e520\" data-element_type=\"column\" data-settings=\"{&quot;background_background&quot;:&quot;classic&quot;}\">\n\t\t\t<div class=\"elementor-widget-wrap elementor-element-populated\">\n\t\t\t\t\t\t<div class=\"elementor-element elementor-element-8d956f2 elementor-widget elementor-widget-heading\" data-id=\"8d956f2\" data-element_type=\"widget\" data-widget_type=\"heading.default\">\n\t\t\t\t<div class=\"elementor-widget-container\">\n\t\t\t<h5 class=\"elementor-heading-title elementor-size-default\">Le 2e pilier : la pr\u00e9voyance professionnelle<\/h5>\t\t<\/div>\n\t\t\t\t<\/div>\n\t\t\t\t<div class=\"elementor-element elementor-element-f427d4b elementor-widget elementor-widget-text-editor\" data-id=\"f427d4b\" data-element_type=\"widget\" data-widget_type=\"text-editor.default\">\n\t\t\t\t<div class=\"elementor-widget-container\">\n\t\t\t\t\t\t\t<p>Le 2e pilier compl\u00e8te la pr\u00e9voyance publique et vise, conjointement avec le 1er pilier, \u00e0 garantir le niveau de vie habituel apr\u00e8s le d\u00e9part \u00e0 la retraite. Il s'applique aux salari\u00e9s percevant un revenu minimum donn\u00e9 et est g\u00e9r\u00e9 par la caisse de retraite.<\/p>\t\t\t\t\t\t<\/div>\n\t\t\t\t<\/div>\n\t\t\t\t<div class=\"elementor-element elementor-element-1c3f006 elementor-widget elementor-widget-heading\" data-id=\"1c3f006\" data-element_type=\"widget\" data-widget_type=\"heading.default\">\n\t\t\t\t<div class=\"elementor-widget-container\">\n\t\t\t<h5 class=\"elementor-heading-title elementor-size-default\">Objectif du 2e pilier<\/h5>\t\t<\/div>\n\t\t\t\t<\/div>\n\t\t\t\t<div class=\"elementor-element elementor-element-4b9b1a3 elementor-widget elementor-widget-text-editor\" data-id=\"4b9b1a3\" data-element_type=\"widget\" data-widget_type=\"text-editor.default\">\n\t\t\t\t<div class=\"elementor-widget-container\">\n\t\t\t\t\t\t\t<ul><li data-start=\"509\" data-end=\"559\"><p data-start=\"511\" data-end=\"559\">Garantir le maintien du niveau de vie habituel \u00e0 la retraite<\/p><\/li><li data-start=\"560\" data-end=\"587\"><p data-start=\"562\" data-end=\"587\">Rente compl\u00e9mentaire \u00e0 l'AHV<\/p><\/li><li data-start=\"588\" data-end=\"617\"><p data-start=\"590\" data-end=\"617\">Couverture en cas d'invalidit\u00e9<\/p><\/li><li data-start=\"618\" data-end=\"659\"><p data-start=\"620\" data-end=\"659\">Protection des survivants en cas de d\u00e9c\u00e8s<\/p><\/li><li data-start=\"660\" data-end=\"699\"><p data-start=\"662\" data-end=\"699\">Possibilit\u00e9 de percevoir le capital ou la rente<\/p><\/li><\/ul>\t\t\t\t\t\t<\/div>\n\t\t\t\t<\/div>\n\t\t\t\t\t<\/div>\n\t\t<\/div>\n\t\t\t\t<div class=\"elementor-column elementor-col-33 elementor-inner-column elementor-element elementor-element-e317e0f\" data-id=\"e317e0f\" data-element_type=\"column\" data-settings=\"{&quot;background_background&quot;:&quot;classic&quot;}\">\n\t\t\t<div class=\"elementor-widget-wrap elementor-element-populated\">\n\t\t\t\t\t\t<div class=\"elementor-element elementor-element-48b6125 elementor-widget elementor-widget-heading\" data-id=\"48b6125\" data-element_type=\"widget\" data-widget_type=\"heading.default\">\n\t\t\t\t<div class=\"elementor-widget-container\">\n\t\t\t<h5 class=\"elementor-heading-title elementor-size-default\">Le 3e pilier : la pr\u00e9voyance priv\u00e9e<\/h5>\t\t<\/div>\n\t\t\t\t<\/div>\n\t\t\t\t<div class=\"elementor-element elementor-element-3063ff4 elementor-widget elementor-widget-text-editor\" data-id=\"3063ff4\" data-element_type=\"widget\" data-widget_type=\"text-editor.default\">\n\t\t\t\t<div class=\"elementor-widget-container\">\n\t\t\t\t\t\t\t<p>Le 3e pilier est le compl\u00e9ment facultatif \u00e0 la pr\u00e9voyance \u00e9tatique et professionnelle. Il sert \u00e0 combler les lacunes de pr\u00e9voyance individuelles et \u00e0 garantir financi\u00e8rement la r\u00e9alisation d'objectifs personnels.<br data-start=\"930\" data-end=\"933\" \/>Elle peut \u00eatre am\u00e9nag\u00e9e de mani\u00e8re flexible et offre, selon la solution choisie, des avantages fiscaux.<\/p>\t\t\t\t\t\t<\/div>\n\t\t\t\t<\/div>\n\t\t\t\t<div class=\"elementor-element elementor-element-da6e7dd elementor-widget elementor-widget-heading\" data-id=\"da6e7dd\" data-element_type=\"widget\" data-widget_type=\"heading.default\">\n\t\t\t\t<div class=\"elementor-widget-container\">\n\t\t\t<h5 class=\"elementor-heading-title elementor-size-default\">Objectif du 3e pilier<\/h5>\t\t<\/div>\n\t\t\t\t<\/div>\n\t\t\t\t<div class=\"elementor-element elementor-element-f694e7c elementor-widget elementor-widget-text-editor\" data-id=\"f694e7c\" data-element_type=\"widget\" data-widget_type=\"text-editor.default\">\n\t\t\t\t<div class=\"elementor-widget-container\">\n\t\t\t\t\t\t\t<ul><li data-start=\"1049\" data-end=\"1080\"><p data-start=\"1051\" data-end=\"1080\">Combler les lacunes de pr\u00e9voyance<\/p><\/li><li data-start=\"1081\" data-end=\"1115\"><p data-start=\"1083\" data-end=\"1115\">Constitution d'un patrimoine suppl\u00e9mentaire<\/p><\/li><li data-start=\"1116\" data-end=\"1135\"><p data-start=\"1118\" data-end=\"1135\">optimisation fiscale<\/p><\/li><li data-start=\"1136\" data-end=\"1167\"><p data-start=\"1138\" data-end=\"1167\">Financement de l'accession \u00e0 la propri\u00e9t\u00e9<\/p><\/li><li data-start=\"1168\" data-end=\"1206\"><p data-start=\"1170\" data-end=\"1206\">Couverture d'assurance personnalis\u00e9e pour la famille<\/p><\/li><li data-start=\"1207\" data-end=\"1248\"><p data-start=\"1209\" data-end=\"1248\">Une planification financi\u00e8re flexible pour l'avenir<\/p><\/li><\/ul>\t\t\t\t\t\t<\/div>\n\t\t\t\t<\/div>\n\t\t\t\t\t<\/div>\n\t\t<\/div>\n\t\t\t\t\t<\/div>\n\t\t<\/section>\n\t\t\t\t\t<\/div>\n\t\t<\/div>\n\t\t\t\t\t<\/div>\n\t\t<\/section>\n\t\t\t\t<section class=\"elementor-section elementor-top-section elementor-element elementor-element-3edbc94 elementor-section-boxed elementor-section-height-default elementor-section-height-default\" data-id=\"3edbc94\" data-element_type=\"section\" data-settings=\"{&quot;background_background&quot;:&quot;classic&quot;}\">\n\t\t\t\t\t\t<div class=\"elementor-container elementor-column-gap-default\">\n\t\t\t\t\t<div class=\"elementor-column elementor-col-50 elementor-top-column elementor-element elementor-element-a80cbb7\" data-id=\"a80cbb7\" data-element_type=\"column\">\n\t\t\t<div class=\"elementor-widget-wrap elementor-element-populated\">\n\t\t\t\t\t\t<div class=\"elementor-element elementor-element-085015c elementor-widget elementor-widget-heading\" data-id=\"085015c\" data-element_type=\"widget\" data-widget_type=\"heading.default\">\n\t\t\t\t<div class=\"elementor-widget-container\">\n\t\t\t<h2 class=\"elementor-heading-title elementor-size-default\">Pour de plus amples informations, veuillez nous contacter<\/h2>\t\t<\/div>\n\t\t\t\t<\/div>\n\t\t\t\t\t<\/div>\n\t\t<\/div>\n\t\t\t\t<div class=\"elementor-column elementor-col-50 elementor-top-column elementor-element elementor-element-e93e990\" data-id=\"e93e990\" data-element_type=\"column\">\n\t\t\t<div class=\"elementor-widget-wrap elementor-element-populated\">\n\t\t\t\t\t\t<div class=\"elementor-element elementor-element-4ee9d4e elementor-align-center elementor-widget elementor-widget-button\" data-id=\"4ee9d4e\" data-element_type=\"widget\" data-widget_type=\"button.default\">\n\t\t\t\t<div class=\"elementor-widget-container\">\n\t\t\t\t\t<div class=\"elementor-button-wrapper\">\n\t\t\t<a class=\"elementor-button elementor-button-link elementor-size-sm\" href=\"https:\/\/centrallusitana-rf.ch\/fr\/kontakt\/\">\n\t\t\t\t\t\t<span class=\"elementor-button-content-wrapper\">\n\t\t\t\t\t\t\t\t\t<span class=\"elementor-button-text\">Contactez-nous<\/span>\n\t\t\t\t\t<\/span>\n\t\t\t\t\t<\/a>\n\t\t<\/div>\n\t\t\t\t<\/div>\n\t\t\t\t<\/div>\n\t\t\t\t\t<\/div>\n\t\t<\/div>\n\t\t\t\t\t<\/div>\n\t\t<\/section>\n\t\t\t\t<\/div>","protected":false},"excerpt":{"rendered":"<p>PrivatVorsorge Sch\u00fctzen Sie, was Ihnen wichtig ist Vorsorge jetzt regeln Online ausf\u00fcllen Vorsorge Analyse Im Laufe des Lebens ver\u00e4ndern sich Ziele, Verantwortung und finanzielle Situation. Damit Ihre Absicherung jederzeit zu Ihrer aktuellen Lebensphase passt, lohnt es sich, die private Vorsorge fr\u00fchzeitig zu planen und regelm\u00e4ssig anzupassen. So bleiben Sie und Ihre Familie langfristig gesch\u00fctzt. Jetzt [&hellip;]<\/p>","protected":false},"author":2,"featured_media":0,"parent":0,"menu_order":0,"comment_status":"closed","ping_status":"closed","template":"elementor_header_footer","meta":{"footnotes":""},"class_list":["post-32289","page","type-page","status-publish","hentry"],"aioseo_notices":[],"_links":{"self":[{"href":"https:\/\/centrallusitana-rf.ch\/fr\/wp-json\/wp\/v2\/pages\/32289"}],"collection":[{"href":"https:\/\/centrallusitana-rf.ch\/fr\/wp-json\/wp\/v2\/pages"}],"about":[{"href":"https:\/\/centrallusitana-rf.ch\/fr\/wp-json\/wp\/v2\/types\/page"}],"author":[{"embeddable":true,"href":"https:\/\/centrallusitana-rf.ch\/fr\/wp-json\/wp\/v2\/users\/2"}],"replies":[{"embeddable":true,"href":"https:\/\/centrallusitana-rf.ch\/fr\/wp-json\/wp\/v2\/comments?post=32289"}],"version-history":[{"count":18,"href":"https:\/\/centrallusitana-rf.ch\/fr\/wp-json\/wp\/v2\/pages\/32289\/revisions"}],"predecessor-version":[{"id":32360,"href":"https:\/\/centrallusitana-rf.ch\/fr\/wp-json\/wp\/v2\/pages\/32289\/revisions\/32360"}],"wp:attachment":[{"href":"https:\/\/centrallusitana-rf.ch\/fr\/wp-json\/wp\/v2\/media?parent=32289"}],"curies":[{"name":"wp","href":"https:\/\/api.w.org\/{rel}","templated":true}]}}