{"id":30529,"date":"2020-10-19T11:28:01","date_gmt":"2020-10-19T09:28:01","guid":{"rendered":"https:\/\/111760.brentex.ch\/?page_id=30529"},"modified":"2022-05-30T16:25:18","modified_gmt":"2022-05-30T14:25:18","slug":"uebersetzungen","status":"publish","type":"page","link":"https:\/\/centrallusitana-rf.ch\/it\/uebersetzungen\/","title":{"rendered":"Traduzioni"},"content":{"rendered":"<div data-elementor-type=\"wp-page\" data-elementor-id=\"30529\" data-post-id=\"30529\" data-obj-id=\"30529\" class=\"elementor elementor-30529 dce-elementor-post-30529\" data-elementor-post-type=\"page\">\n\t\t\t\t\t\t<section data-dce-background-image-url=\"https:\/\/centrallusitana-rf.ch\/wp-content\/uploads\/2020\/10\/romain-vignes-ywqa9IZB-dU-unsplash-scaled.jpg\" class=\"elementor-section elementor-top-section elementor-element elementor-element-53386a1 elementor-section-height-min-height elementor-section-boxed elementor-section-height-default elementor-section-items-middle\" data-id=\"53386a1\" data-element_type=\"section\" data-settings=\"{&quot;background_background&quot;:&quot;classic&quot;}\">\n\t\t\t\t\t\t\t<div class=\"elementor-background-overlay\"><\/div>\n\t\t\t\t\t\t\t<div class=\"elementor-container elementor-column-gap-default\">\n\t\t\t\t\t<div class=\"elementor-column elementor-col-100 elementor-top-column elementor-element elementor-element-289b47d\" data-id=\"289b47d\" data-element_type=\"column\">\n\t\t\t<div class=\"elementor-widget-wrap elementor-element-populated\">\n\t\t\t\t\t\t<div class=\"elementor-element elementor-element-e71598d elementor-invisible elementor-widget elementor-widget-heading\" data-id=\"e71598d\" data-element_type=\"widget\" data-settings=\"{&quot;_animation&quot;:&quot;fadeInDown&quot;}\" data-widget_type=\"heading.default\">\n\t\t\t\t<div class=\"elementor-widget-container\">\n\t\t\t<h1 class=\"elementor-heading-title elementor-size-default\">Traduzioni<\/h1>\t\t<\/div>\n\t\t\t\t<\/div>\n\t\t\t\t\t<\/div>\n\t\t<\/div>\n\t\t\t\t\t<\/div>\n\t\t<\/section>\n\t\t\t\t<section data-dce-background-overlay-color=\"#F8F8F8\" data-dce-background-image-url=\"https:\/\/centrallusitana-rf.ch\/wp-content\/uploads\/2020\/09\/topography-1.svg\" class=\"elementor-section elementor-top-section elementor-element elementor-element-4ccc67d elementor-section-boxed elementor-section-height-default elementor-section-height-default\" data-id=\"4ccc67d\" data-element_type=\"section\" data-settings=\"{&quot;background_background&quot;:&quot;classic&quot;}\">\n\t\t\t\t\t\t\t<div class=\"elementor-background-overlay\"><\/div>\n\t\t\t\t\t\t\t<div class=\"elementor-container elementor-column-gap-default\">\n\t\t\t\t\t<div class=\"elementor-column elementor-col-33 elementor-top-column elementor-element elementor-element-040a827\" data-id=\"040a827\" data-element_type=\"column\">\n\t\t\t<div class=\"elementor-widget-wrap elementor-element-populated\">\n\t\t\t\t\t\t<div class=\"elementor-element elementor-element-f6f3be9 elementor-widget elementor-widget-heading\" data-id=\"f6f3be9\" data-element_type=\"widget\" data-widget_type=\"heading.default\">\n\t\t\t\t<div class=\"elementor-widget-container\">\n\t\t\t<h1 class=\"elementor-heading-title elementor-size-default\">Traduciamo per voi personalmente e per iscritto<\/h1>\t\t<\/div>\n\t\t\t\t<\/div>\n\t\t\t\t<div class=\"elementor-element elementor-element-e4fc6d5 elementor-widget elementor-widget-image\" data-id=\"e4fc6d5\" data-element_type=\"widget\" data-widget_type=\"image.default\">\n\t\t\t\t<div class=\"elementor-widget-container\">\n\t\t\t\t\t\t\t\t\t\t\t\t\t<img decoding=\"async\" width=\"169\" height=\"23\" src=\"https:\/\/centrallusitana-rf.ch\/wp-content\/uploads\/2020\/09\/underline.png\" class=\"attachment-large size-large wp-image-29634\" alt=\"\" \/>\t\t\t\t\t\t\t\t\t\t\t\t\t<\/div>\n\t\t\t\t<\/div>\n\t\t\t\t<div class=\"elementor-element elementor-element-bb49d44 elementor-widget elementor-widget-text-editor\" data-id=\"bb49d44\" data-element_type=\"widget\" data-widget_type=\"text-editor.default\">\n\t\t\t\t<div class=\"elementor-widget-container\">\n\t\t\t\t\t\t\t<p>Avete bisogno di un traduttore sul posto o avete un testo da tradurre? Saremo lieti di interpretare e tradurre per voi in modo professionale.<\/p>\t\t\t\t\t\t<\/div>\n\t\t\t\t<\/div>\n\t\t\t\t<div class=\"elementor-element elementor-element-305f64a elementor-align-left elementor-widget elementor-widget-button\" data-id=\"305f64a\" data-element_type=\"widget\" data-widget_type=\"button.default\">\n\t\t\t\t<div class=\"elementor-widget-container\">\n\t\t\t\t\t<div class=\"elementor-button-wrapper\">\n\t\t\t<a class=\"elementor-button elementor-button-link elementor-size-sm\" href=\"https:\/\/centrallusitana-rf.ch\/it\/kontakt\/\">\n\t\t\t\t\t\t<span class=\"elementor-button-content-wrapper\">\n\t\t\t\t\t\t\t\t\t<span class=\"elementor-button-text\">Contattateci<\/span>\n\t\t\t\t\t<\/span>\n\t\t\t\t\t<\/a>\n\t\t<\/div>\n\t\t\t\t<\/div>\n\t\t\t\t<\/div>\n\t\t\t\t\t<\/div>\n\t\t<\/div>\n\t\t\t\t<div class=\"elementor-column elementor-col-33 elementor-top-column elementor-element elementor-element-56d03f9\" data-id=\"56d03f9\" data-element_type=\"column\" data-settings=\"{&quot;background_background&quot;:&quot;classic&quot;}\">\n\t\t\t<div class=\"elementor-widget-wrap elementor-element-populated\">\n\t\t\t\t\t\t<div class=\"elementor-element elementor-element-140f28c elementor-widget elementor-widget-heading\" data-id=\"140f28c\" data-element_type=\"widget\" data-widget_type=\"heading.default\">\n\t\t\t\t<div class=\"elementor-widget-container\">\n\t\t\t<h2 class=\"elementor-heading-title elementor-size-default\">Punto 1<\/h2>\t\t<\/div>\n\t\t\t\t<\/div>\n\t\t\t\t<div class=\"elementor-element elementor-element-24481b1 elementor-widget elementor-widget-heading\" data-id=\"24481b1\" data-element_type=\"widget\" data-widget_type=\"heading.default\">\n\t\t\t\t<div class=\"elementor-widget-container\">\n\t\t\t<h5 class=\"elementor-heading-title elementor-size-default\">Contattateci<\/h5>\t\t<\/div>\n\t\t\t\t<\/div>\n\t\t\t\t<div class=\"elementor-element elementor-element-d599818 elementor-widget elementor-widget-text-editor\" data-id=\"d599818\" data-element_type=\"widget\" data-widget_type=\"text-editor.default\">\n\t\t\t\t<div class=\"elementor-widget-container\">\n\t\t\t\t\t\t\t<p>Compilate il nostro modulo di contatto senza impegno e complicazioni o chiamateci. Vi preghiamo di fornirci le informazioni necessarie (lingua, tipo di traduzione).<\/p>\t\t\t\t\t\t<\/div>\n\t\t\t\t<\/div>\n\t\t\t\t\t<\/div>\n\t\t<\/div>\n\t\t\t\t<div class=\"elementor-column elementor-col-33 elementor-top-column elementor-element elementor-element-1e158ad\" data-id=\"1e158ad\" data-element_type=\"column\" data-settings=\"{&quot;background_background&quot;:&quot;classic&quot;}\">\n\t\t\t<div class=\"elementor-widget-wrap elementor-element-populated\">\n\t\t\t\t\t\t<div class=\"elementor-element elementor-element-088f21c elementor-widget elementor-widget-heading\" data-id=\"088f21c\" data-element_type=\"widget\" data-widget_type=\"heading.default\">\n\t\t\t\t<div class=\"elementor-widget-container\">\n\t\t\t<h2 class=\"elementor-heading-title elementor-size-default\">Punto 2<\/h2>\t\t<\/div>\n\t\t\t\t<\/div>\n\t\t\t\t<div class=\"elementor-element elementor-element-c06bac2 elementor-widget elementor-widget-heading\" data-id=\"c06bac2\" data-element_type=\"widget\" data-widget_type=\"heading.default\">\n\t\t\t\t<div class=\"elementor-widget-container\">\n\t\t\t<h5 class=\"elementor-heading-title elementor-size-default\">Una risposta entro 2 giorni<\/h5>\t\t<\/div>\n\t\t\t\t<\/div>\n\t\t\t\t<div class=\"elementor-element elementor-element-a2ddd09 elementor-widget elementor-widget-text-editor\" data-id=\"a2ddd09\" data-element_type=\"widget\" data-widget_type=\"text-editor.default\">\n\t\t\t\t<div class=\"elementor-widget-container\">\n\t\t\t\t\t\t\t<p>Vi contatteremo e vi aiuteremo in modo semplice.<\/p>\t\t\t\t\t\t<\/div>\n\t\t\t\t<\/div>\n\t\t\t\t\t<\/div>\n\t\t<\/div>\n\t\t\t\t\t<\/div>\n\t\t<\/section>\n\t\t\t\t<\/div>","protected":false},"excerpt":{"rendered":"<p>\u00dcbersetzungen Wir \u00fcbersetzen f\u00fcr Sie pers\u00f6nlich und schriftlich Brauchen Sie einen \u00dcbersetzer vor Ort oder haben Sie einen Text, der \u00fcbersetzt werden muss? Wir dolmetschen und \u00fcbersetzen f\u00fcr Sie gerne und professionell. Kontaktieren Sie uns Schritt 1 Kontaktieren Sie uns F\u00fcllen Sie v\u00f6llig unverbindlich und unkompliziert unser Kontaktformular aus oder rufen Sie uns an. Geben [\u2026]<\/p>","protected":false},"author":2,"featured_media":31899,"parent":0,"menu_order":5,"comment_status":"closed","ping_status":"closed","template":"elementor_header_footer","meta":{"footnotes":""},"class_list":["post-30529","page","type-page","status-publish","has-post-thumbnail","hentry"],"aioseo_notices":[],"_links":{"self":[{"href":"https:\/\/centrallusitana-rf.ch\/it\/wp-json\/wp\/v2\/pages\/30529"}],"collection":[{"href":"https:\/\/centrallusitana-rf.ch\/it\/wp-json\/wp\/v2\/pages"}],"about":[{"href":"https:\/\/centrallusitana-rf.ch\/it\/wp-json\/wp\/v2\/types\/page"}],"author":[{"embeddable":true,"href":"https:\/\/centrallusitana-rf.ch\/it\/wp-json\/wp\/v2\/users\/2"}],"replies":[{"embeddable":true,"href":"https:\/\/centrallusitana-rf.ch\/it\/wp-json\/wp\/v2\/comments?post=30529"}],"version-history":[{"count":17,"href":"https:\/\/centrallusitana-rf.ch\/it\/wp-json\/wp\/v2\/pages\/30529\/revisions"}],"predecessor-version":[{"id":31904,"href":"https:\/\/centrallusitana-rf.ch\/it\/wp-json\/wp\/v2\/pages\/30529\/revisions\/31904"}],"wp:featuredmedia":[{"embeddable":true,"href":"https:\/\/centrallusitana-rf.ch\/it\/wp-json\/wp\/v2\/media\/31899"}],"wp:attachment":[{"href":"https:\/\/centrallusitana-rf.ch\/it\/wp-json\/wp\/v2\/media?parent=30529"}],"curies":[{"name":"wp","href":"https:\/\/api.w.org\/{rel}","templated":true}]}}