{"id":28882,"date":"2020-09-02T11:04:39","date_gmt":"2020-09-02T09:04:39","guid":{"rendered":"https:\/\/111760.brentex.ch\/?page_id=28882"},"modified":"2022-05-30T16:27:17","modified_gmt":"2022-05-30T14:27:17","slug":"datenschutz","status":"publish","type":"page","link":"https:\/\/centrallusitana-rf.ch\/pt\/datenschutz\/","title":{"rendered":"Prote\u00e7\u00e3o de dados"},"content":{"rendered":"<div data-elementor-type=\"wp-page\" data-elementor-id=\"28882\" data-post-id=\"28882\" data-obj-id=\"28882\" class=\"elementor elementor-28882 dce-elementor-post-28882\" data-elementor-post-type=\"page\">\n\t\t\t\t\t\t<section data-dce-background-overlay-color=\"#F8F8F8\" data-dce-background-image-url=\"https:\/\/centrallusitana-rf.ch\/wp-content\/uploads\/2020\/09\/topography-1.svg\" class=\"elementor-section elementor-top-section elementor-element elementor-element-6e5cf1a elementor-section-boxed elementor-section-height-default elementor-section-height-default\" data-id=\"6e5cf1a\" data-element_type=\"section\" data-settings=\"{&quot;background_background&quot;:&quot;classic&quot;}\">\n\t\t\t\t\t\t\t<div class=\"elementor-background-overlay\"><\/div>\n\t\t\t\t\t\t\t<div class=\"elementor-container elementor-column-gap-default\">\n\t\t\t\t\t<div class=\"elementor-column elementor-col-100 elementor-top-column elementor-element elementor-element-b8834ac\" data-id=\"b8834ac\" data-element_type=\"column\">\n\t\t\t<div class=\"elementor-widget-wrap elementor-element-populated\">\n\t\t\t\t\t\t<div class=\"elementor-element elementor-element-c956bc3 elementor-widget elementor-widget-heading\" data-id=\"c956bc3\" data-element_type=\"widget\" data-widget_type=\"heading.default\">\n\t\t\t\t<div class=\"elementor-widget-container\">\n\t\t\t<h1 class=\"elementor-heading-title elementor-size-default\">Prote\u00e7\u00e3o de dados<\/h1>\t\t<\/div>\n\t\t\t\t<\/div>\n\t\t\t\t<div class=\"elementor-element elementor-element-21a7cc7 elementor-widget elementor-widget-heading\" data-id=\"21a7cc7\" data-element_type=\"widget\" data-widget_type=\"heading.default\">\n\t\t\t\t<div class=\"elementor-widget-container\">\n\t\t\t<h3 class=\"elementor-heading-title elementor-size-default\">Informa\u00e7\u00e3o geral<\/h3>\t\t<\/div>\n\t\t\t\t<\/div>\n\t\t\t\t<div class=\"elementor-element elementor-element-796badd elementor-widget elementor-widget-text-editor\" data-id=\"796badd\" data-element_type=\"widget\" data-widget_type=\"text-editor.default\">\n\t\t\t\t<div class=\"elementor-widget-container\">\n\t\t\t\t\t\t\t<p>A prote\u00e7\u00e3o dos seus dados \u00e9 muito importante para n\u00f3s. Portanto, tratamos os seus dados, que nos envia voluntariamente atrav\u00e9s do nosso formul\u00e1rio de contacto, de forma confidencial. Os seus dados ser\u00e3o utilizados apenas para os fins do seu pedido e n\u00e3o ser\u00e3o transmitidos a terceiros. Se voc\u00ea solicitar informa\u00e7\u00f5es, bloquear ou excluir seus dados iremos cumprir isso, se permitido por lei.<\/p>\t\t\t\t\t\t<\/div>\n\t\t\t\t<\/div>\n\t\t\t\t<div class=\"elementor-element elementor-element-e0f2fab elementor-widget elementor-widget-heading\" data-id=\"e0f2fab\" data-element_type=\"widget\" data-widget_type=\"heading.default\">\n\t\t\t\t<div class=\"elementor-widget-container\">\n\t\t\t<h3 class=\"elementor-heading-title elementor-size-default\">Biscoitos<\/h3>\t\t<\/div>\n\t\t\t\t<\/div>\n\t\t\t\t<div class=\"elementor-element elementor-element-20f9106 elementor-widget elementor-widget-text-editor\" data-id=\"20f9106\" data-element_type=\"widget\" data-widget_type=\"text-editor.default\">\n\t\t\t\t<div class=\"elementor-widget-container\">\n\t\t\t\t\t\t\t<p>A nossa p\u00e1gina usa os chamados cookies. Cookies s\u00e3o pequenos arquivos de dados que s\u00e3o armazenados no seu portador e tornam sua visita ao nossa p\u00e1gina mais eficiente. Os cookies n\u00e3o s\u00e3o prejudiciais ao seu disco.<\/p><p>A maioria dos cookies, os chamados cookies de sess\u00e3o, s\u00e3o exclu\u00eddos automaticamente no final de sua visita ao nossa p\u00e1gina. A quest\u00e3o \u00e9 que voc\u00ea n\u00e3o precisa repetir as mesmas entradas. Outros cookies n\u00e3o s\u00e3o exclu\u00eddos automaticamente, mas voc\u00ea mesmo pode exclu\u00ed-los. O objetivo deles \u00e9 reconhec\u00ea-lo em sua pr\u00f3xima visita ao nossa p\u00e1gina. Voc\u00ea tamb\u00e9m pode desativar os cookies de maneira geral.<\/p>\t\t\t\t\t\t<\/div>\n\t\t\t\t<\/div>\n\t\t\t\t<div class=\"elementor-element elementor-element-7cb1aaf elementor-widget elementor-widget-heading\" data-id=\"7cb1aaf\" data-element_type=\"widget\" data-widget_type=\"heading.default\">\n\t\t\t\t<div class=\"elementor-widget-container\">\n\t\t\t<h3 class=\"elementor-heading-title elementor-size-default\">Google Analytics<\/h3>\t\t<\/div>\n\t\t\t\t<\/div>\n\t\t\t\t<div class=\"elementor-element elementor-element-54c5e40 elementor-widget elementor-widget-text-editor\" data-id=\"54c5e40\" data-element_type=\"widget\" data-widget_type=\"text-editor.default\">\n\t\t\t\t<div class=\"elementor-widget-container\">\n\t\t\t\t\t\t\t<p>Nossa p\u00e1gina usa o \"Google Analytics\", um servi\u00e7o oferecido pela Google Inc. para analisar o uso da p\u00e1gina. Os cookies s\u00e3o usados para enviar, avaliar e salvar informa\u00e7\u00f5es do seu dispositivo para um servidor do Google nos EUA. \u00c9 poss\u00edvel que o Google transfira essas informa\u00e7\u00f5es para terceiros.<\/p><p>Se desejar obter mais informa\u00e7\u00f5es sobre a coleta de dados pelo Google Analytics, siga este link:<br \/><a href=\"https:\/\/support.google.com\/analytics\/answer\/6004245?hl=de\" target=\"_blank\" rel=\"noopener\">Clique aqui<\/a><\/p><p>Ao instalar o seguinte plug- in, voc\u00ea pode impedir a coleta e o armazenamento de seus dados por cookies e o envio desses dados ao Google:<br \/><a href=\"https:\/\/tools.google.com\/dlpage\/gaoptout?hl=de.\" target=\"_blank\" rel=\"noopener\">Clique aqui<\/a><\/p>\t\t\t\t\t\t<\/div>\n\t\t\t\t<\/div>\n\t\t\t\t<div class=\"elementor-element elementor-element-9e50d65 elementor-widget elementor-widget-heading\" data-id=\"9e50d65\" data-element_type=\"widget\" data-widget_type=\"heading.default\">\n\t\t\t\t<div class=\"elementor-widget-container\">\n\t\t\t<h3 class=\"elementor-heading-title elementor-size-default\">Pixel do Facebook<\/h3>\t\t<\/div>\n\t\t\t\t<\/div>\n\t\t\t\t<div class=\"elementor-element elementor-element-ef13363 elementor-widget elementor-widget-text-editor\" data-id=\"ef13363\" data-element_type=\"widget\" data-widget_type=\"text-editor.default\">\n\t\t\t\t<div class=\"elementor-widget-container\">\n\t\t\t\t\t\t\t<p>Este site usa o \"Facebook Pixel\", um c\u00f3digo emitido pela plataforma de m\u00eddia social \"Facebook\" (empresa Facebook Ireland Ltd., 4 Grand Canal Square, Grand Canal Harbour, Dublin 2 Ireland ) com o objetivo de campanhas publicit\u00e1rias mais eficientes.<\/p><p>O c\u00f3digo implementado nesta p\u00e1gina utiliza cookies para avaliar o comportamento dos visitantes do nossa p\u00e1gina que aqui chegaram atrav\u00e9s de um an\u00fancio no Facebook. Os dados coletados s\u00e3o armazenados pelo Facebook, mas n\u00e3o podemos v\u00ea-los e s\u00f3 podem ser usados no \u00e2mbito da publicidade no pr\u00f3prio Facebook.<\/p><p>Saiba como os pixels do Facebook s\u00e3o usados para campanhas publicit\u00e1rias:<br \/><a href=\"https:\/\/www.facebook.com\/business\/learn\/facebook-ads-pixel\" target=\"_blank\" rel=\"noopener\">Clique aqui<\/a><\/p><p>Altere suas configura\u00e7\u00f5es para an\u00fancios no Facebook (se voc\u00ea tiver uma conta no Facebook e estiver conectado):<br \/><a href=\"https:\/\/www.facebook.com\/login.php?next=https%3A%2F%2Fwww.facebook.com%2Fads%2Fpreferences%2F%3Fentry_product%3Dad_settings_screen\" target=\"_blank\" rel=\"noopener\">Clique aqui<\/a><\/p><p>Mais informa\u00e7\u00f5es sobre a pol\u00edtica de dados do Facebook:<br \/><a href=\"https:\/\/www.facebook.com\/policy.php\" target=\"_blank\" rel=\"noopener\">Clique aqui<\/a><\/p>\t\t\t\t\t\t<\/div>\n\t\t\t\t<\/div>\n\t\t\t\t<div class=\"elementor-element elementor-element-a89bc4b elementor-widget elementor-widget-heading\" data-id=\"a89bc4b\" data-element_type=\"widget\" data-widget_type=\"heading.default\">\n\t\t\t\t<div class=\"elementor-widget-container\">\n\t\t\t<h3 class=\"elementor-heading-title elementor-size-default\">Google Maps<\/h3>\t\t<\/div>\n\t\t\t\t<\/div>\n\t\t\t\t<div class=\"elementor-element elementor-element-540286f elementor-widget elementor-widget-text-editor\" data-id=\"540286f\" data-element_type=\"widget\" data-widget_type=\"text-editor.default\">\n\t\t\t\t<div class=\"elementor-widget-container\">\n\t\t\t\t\t\t\t<p>Usamos o \u201cGoogle Maps \u201d da \u201cGoogle Inc \u201d na nossa p\u00e1gina.<\/p><p>Se voc\u00ea usar a nossa p\u00e1gina, concorda com a coleta, processamento e uso dos dados coletados automaticamente pelo Google Inc., seus representantes e terceiros.<\/p><p>Voc\u00ea pode encontrar os termos de uso do Google Maps aqui:<br \/><a href=\"https:\/\/www.google.com\/intl\/de_de\/help\/terms_maps\/\" target=\"_blank\" rel=\"noopener\">Clique aqui<\/a><\/p>\t\t\t\t\t\t<\/div>\n\t\t\t\t<\/div>\n\t\t\t\t<div class=\"elementor-element elementor-element-550930c elementor-widget elementor-widget-heading\" data-id=\"550930c\" data-element_type=\"widget\" data-widget_type=\"heading.default\">\n\t\t\t\t<div class=\"elementor-widget-container\">\n\t\t\t<h3 class=\"elementor-heading-title elementor-size-default\">Arquivos de log do servidor<\/h3>\t\t<\/div>\n\t\t\t\t<\/div>\n\t\t\t\t<div class=\"elementor-element elementor-element-bb2c411 elementor-widget elementor-widget-text-editor\" data-id=\"bb2c411\" data-element_type=\"widget\" data-widget_type=\"text-editor.default\">\n\t\t\t\t<div class=\"elementor-widget-container\">\n\t\t\t\t\t\t\t<p>O seu navegador transmite-nos automaticamente informa\u00e7\u00f5es de natureza geral (arquivos de log do servidor). Essas informa\u00e7\u00f5es seriam, por exemplo:<\/p><ul><li>Tipo e vers\u00e3o do navegador<\/li><li>URL referenciador<\/li><li>Sistema operacional<\/li><li>Hora do pedido\u00a0<\/li><li>Endere\u00e7o de IP<\/li><\/ul><p>N\u00e3o usamos os seus dados para tirar conclus\u00f5es sobre si. Em vez disso, o objetivo dos arquivos de log do servidor \u00e9 otimizar nossa p\u00e1gina.<\/p>\t\t\t\t\t\t<\/div>\n\t\t\t\t<\/div>\n\t\t\t\t<div class=\"elementor-element elementor-element-ee173be elementor-widget elementor-widget-heading\" data-id=\"ee173be\" data-element_type=\"widget\" data-widget_type=\"heading.default\">\n\t\t\t\t<div class=\"elementor-widget-container\">\n\t\t\t<h3 class=\"elementor-heading-title elementor-size-default\">Contate-Nos<\/h3>\t\t<\/div>\n\t\t\t\t<\/div>\n\t\t\t\t<div class=\"elementor-element elementor-element-39d2e8c elementor-widget elementor-widget-text-editor\" data-id=\"39d2e8c\" data-element_type=\"widget\" data-widget_type=\"text-editor.default\">\n\t\t\t\t<div class=\"elementor-widget-container\">\n\t\t\t\t\t\t\tSe tiver alguma d\u00favida ou quiser obter informa\u00e7\u00f5es, bloqueio ou exclus\u00e3o de seus dados, pode entrar em contato com o endere\u00e7o fornecido no aviso legal. \t\t\t\t\t\t<\/div>\n\t\t\t\t<\/div>\n\t\t\t\t\t<\/div>\n\t\t<\/div>\n\t\t\t\t\t<\/div>\n\t\t<\/section>\n\t\t\t\t<\/div>","protected":false},"excerpt":{"rendered":"<p>Datenschutz Allgemeine Informationen Uns ist der Schutz Ihrer Daten ein grosses Anliegen. Daher behandeln wir Ihre\u00a0Daten, welche Sie uns freiwillig \u00fcber unser Kontaktformular senden, vertraulich.\u00a0Ihre Daten werden nur im Sinne Ihrer Anfrage genutzt und nicht an Dritte\u00a0weitergegeben. Sollten Sie Auskunft, Sperrung oder L\u00f6schung \u00fcber Ihre Daten\u00a0bei uns verlangen, werden wir dem, falls gesetzlich erlaubt, nachkommen. [\u2026]<\/p>","protected":false},"author":2,"featured_media":31899,"parent":0,"menu_order":13,"comment_status":"closed","ping_status":"closed","template":"elementor_header_footer","meta":{"footnotes":""},"class_list":["post-28882","page","type-page","status-publish","has-post-thumbnail","hentry"],"aioseo_notices":[],"_links":{"self":[{"href":"https:\/\/centrallusitana-rf.ch\/pt\/wp-json\/wp\/v2\/pages\/28882"}],"collection":[{"href":"https:\/\/centrallusitana-rf.ch\/pt\/wp-json\/wp\/v2\/pages"}],"about":[{"href":"https:\/\/centrallusitana-rf.ch\/pt\/wp-json\/wp\/v2\/types\/page"}],"author":[{"embeddable":true,"href":"https:\/\/centrallusitana-rf.ch\/pt\/wp-json\/wp\/v2\/users\/2"}],"replies":[{"embeddable":true,"href":"https:\/\/centrallusitana-rf.ch\/pt\/wp-json\/wp\/v2\/comments?post=28882"}],"version-history":[{"count":22,"href":"https:\/\/centrallusitana-rf.ch\/pt\/wp-json\/wp\/v2\/pages\/28882\/revisions"}],"predecessor-version":[{"id":31912,"href":"https:\/\/centrallusitana-rf.ch\/pt\/wp-json\/wp\/v2\/pages\/28882\/revisions\/31912"}],"wp:featuredmedia":[{"embeddable":true,"href":"https:\/\/centrallusitana-rf.ch\/pt\/wp-json\/wp\/v2\/media\/31899"}],"wp:attachment":[{"href":"https:\/\/centrallusitana-rf.ch\/pt\/wp-json\/wp\/v2\/media?parent=28882"}],"curies":[{"name":"wp","href":"https:\/\/api.w.org\/{rel}","templated":true}]}}