{"id":30512,"date":"2020-10-19T11:11:42","date_gmt":"2020-10-19T09:11:42","guid":{"rendered":"https:\/\/111760.brentex.ch\/?page_id=30512"},"modified":"2022-05-30T16:24:58","modified_gmt":"2022-05-30T14:24:58","slug":"steuererklaerung","status":"publish","type":"page","link":"https:\/\/centrallusitana-rf.ch\/pt\/steuererklaerung\/","title":{"rendered":"declara\u00e7\u00e3o de impostos"},"content":{"rendered":"<div data-elementor-type=\"wp-page\" data-elementor-id=\"30512\" data-post-id=\"30512\" data-obj-id=\"30512\" class=\"elementor elementor-30512 dce-elementor-post-30512\" data-elementor-post-type=\"page\">\n\t\t\t\t\t\t<section data-dce-background-image-url=\"https:\/\/centrallusitana-rf.ch\/wp-content\/uploads\/2020\/10\/claudio-schwarz-purzlbaum-BH_rfMoUr34-unsplash-scaled.jpg\" class=\"elementor-section elementor-top-section elementor-element elementor-element-b73eedf elementor-section-height-min-height elementor-section-boxed elementor-section-height-default elementor-section-items-middle\" data-id=\"b73eedf\" data-element_type=\"section\" data-settings=\"{&quot;background_background&quot;:&quot;classic&quot;}\">\n\t\t\t\t\t\t\t<div class=\"elementor-background-overlay\"><\/div>\n\t\t\t\t\t\t\t<div class=\"elementor-container elementor-column-gap-default\">\n\t\t\t\t\t<div class=\"elementor-column elementor-col-100 elementor-top-column elementor-element elementor-element-23f1484\" data-id=\"23f1484\" data-element_type=\"column\">\n\t\t\t<div class=\"elementor-widget-wrap elementor-element-populated\">\n\t\t\t\t\t\t<div class=\"elementor-element elementor-element-0089f83 elementor-invisible elementor-widget elementor-widget-heading\" data-id=\"0089f83\" data-element_type=\"widget\" data-settings=\"{&quot;_animation&quot;:&quot;fadeInDown&quot;}\" data-widget_type=\"heading.default\">\n\t\t\t\t<div class=\"elementor-widget-container\">\n\t\t\t<h1 class=\"elementor-heading-title elementor-size-default\">declara\u00e7\u00e3o de impostos<\/h1>\t\t<\/div>\n\t\t\t\t<\/div>\n\t\t\t\t\t<\/div>\n\t\t<\/div>\n\t\t\t\t\t<\/div>\n\t\t<\/section>\n\t\t\t\t<section data-dce-background-overlay-color=\"#F8F8F8\" data-dce-background-image-url=\"https:\/\/centrallusitana-rf.ch\/wp-content\/uploads\/2020\/09\/topography-1.svg\" class=\"elementor-section elementor-top-section elementor-element elementor-element-22d97f0 elementor-section-boxed elementor-section-height-default elementor-section-height-default\" data-id=\"22d97f0\" data-element_type=\"section\" data-settings=\"{&quot;background_background&quot;:&quot;classic&quot;}\">\n\t\t\t\t\t\t\t<div class=\"elementor-background-overlay\"><\/div>\n\t\t\t\t\t\t\t<div class=\"elementor-container elementor-column-gap-default\">\n\t\t\t\t\t<div class=\"elementor-column elementor-col-33 elementor-top-column elementor-element elementor-element-21758ad\" data-id=\"21758ad\" data-element_type=\"column\">\n\t\t\t<div class=\"elementor-widget-wrap elementor-element-populated\">\n\t\t\t\t\t\t<div class=\"elementor-element elementor-element-1f9f900 elementor-widget elementor-widget-heading\" data-id=\"1f9f900\" data-element_type=\"widget\" data-widget_type=\"heading.default\">\n\t\t\t\t<div class=\"elementor-widget-container\">\n\t\t\t<h1 class=\"elementor-heading-title elementor-size-default\">Cuidamos da sua declara\u00e7\u00e3o de impostos!<\/h1>\t\t<\/div>\n\t\t\t\t<\/div>\n\t\t\t\t<div class=\"elementor-element elementor-element-d24cbcd elementor-widget elementor-widget-image\" data-id=\"d24cbcd\" data-element_type=\"widget\" data-widget_type=\"image.default\">\n\t\t\t\t<div class=\"elementor-widget-container\">\n\t\t\t\t\t\t\t\t\t\t\t\t\t<img decoding=\"async\" width=\"169\" height=\"23\" src=\"https:\/\/centrallusitana-rf.ch\/wp-content\/uploads\/2020\/09\/underline.png\" class=\"attachment-large size-large wp-image-29634\" alt=\"\" \/>\t\t\t\t\t\t\t\t\t\t\t\t\t<\/div>\n\t\t\t\t<\/div>\n\t\t\t\t<div class=\"elementor-element elementor-element-e842d0f elementor-widget elementor-widget-text-editor\" data-id=\"e842d0f\" data-element_type=\"widget\" data-widget_type=\"text-editor.default\">\n\t\t\t\t<div class=\"elementor-widget-container\">\n\t\t\t\t\t\t\t<p class=\" translation-block\">Voc\u00ea pode perder muito tempo, energia e dinheiro em sua declara\u00e7\u00e3o de impostos. Nossos profissionais otimizaram seus impostos, aconselharam e preenchem sua declara\u00e7\u00e3o de impostos para que se sinta seguro.<\/p>\t\t\t\t\t\t<\/div>\n\t\t\t\t<\/div>\n\t\t\t\t<div class=\"elementor-element elementor-element-2534db2 elementor-align-left elementor-widget elementor-widget-button\" data-id=\"2534db2\" data-element_type=\"widget\" data-widget_type=\"button.default\">\n\t\t\t\t<div class=\"elementor-widget-container\">\n\t\t\t\t\t<div class=\"elementor-button-wrapper\">\n\t\t\t<a class=\"elementor-button elementor-button-link elementor-size-sm\" href=\"https:\/\/centrallusitana-rf.ch\/pt\/kontakt\/\">\n\t\t\t\t\t\t<span class=\"elementor-button-content-wrapper\">\n\t\t\t\t\t\t\t\t\t<span class=\"elementor-button-text\">Contate-Nos<\/span>\n\t\t\t\t\t<\/span>\n\t\t\t\t\t<\/a>\n\t\t<\/div>\n\t\t\t\t<\/div>\n\t\t\t\t<\/div>\n\t\t\t\t\t<\/div>\n\t\t<\/div>\n\t\t\t\t<div class=\"elementor-column elementor-col-33 elementor-top-column elementor-element elementor-element-82d4fd9\" data-id=\"82d4fd9\" data-element_type=\"column\" data-settings=\"{&quot;background_background&quot;:&quot;classic&quot;}\">\n\t\t\t<div class=\"elementor-widget-wrap elementor-element-populated\">\n\t\t\t\t\t\t<div class=\"elementor-element elementor-element-6586512 elementor-widget elementor-widget-heading\" data-id=\"6586512\" data-element_type=\"widget\" data-widget_type=\"heading.default\">\n\t\t\t\t<div class=\"elementor-widget-container\">\n\t\t\t<h2 class=\"elementor-heading-title elementor-size-default\">1\u00b0 passo<\/h2>\t\t<\/div>\n\t\t\t\t<\/div>\n\t\t\t\t<div class=\"elementor-element elementor-element-53d56f5 elementor-widget elementor-widget-heading\" data-id=\"53d56f5\" data-element_type=\"widget\" data-widget_type=\"heading.default\">\n\t\t\t\t<div class=\"elementor-widget-container\">\n\t\t\t<h5 class=\"elementor-heading-title elementor-size-default\">Contate-Nos<\/h5>\t\t<\/div>\n\t\t\t\t<\/div>\n\t\t\t\t<div class=\"elementor-element elementor-element-5e6e055 elementor-widget elementor-widget-text-editor\" data-id=\"5e6e055\" data-element_type=\"widget\" data-widget_type=\"text-editor.default\">\n\t\t\t\t<div class=\"elementor-widget-container\">\n\t\t\t\t\t\t\t<p>Preencha nosso formul\u00e1rio de contato sem compromisso e sem complica\u00e7\u00f5es ou ligue-nos.<\/p>\t\t\t\t\t\t<\/div>\n\t\t\t\t<\/div>\n\t\t\t\t\t<\/div>\n\t\t<\/div>\n\t\t\t\t<div class=\"elementor-column elementor-col-33 elementor-top-column elementor-element elementor-element-40bb0cc\" data-id=\"40bb0cc\" data-element_type=\"column\" data-settings=\"{&quot;background_background&quot;:&quot;classic&quot;}\">\n\t\t\t<div class=\"elementor-widget-wrap elementor-element-populated\">\n\t\t\t\t\t\t<div class=\"elementor-element elementor-element-b62d079 elementor-widget elementor-widget-heading\" data-id=\"b62d079\" data-element_type=\"widget\" data-widget_type=\"heading.default\">\n\t\t\t\t<div class=\"elementor-widget-container\">\n\t\t\t<h2 class=\"elementor-heading-title elementor-size-default\">2\u00b0 passo<\/h2>\t\t<\/div>\n\t\t\t\t<\/div>\n\t\t\t\t<div class=\"elementor-element elementor-element-c920fbc elementor-widget elementor-widget-heading\" data-id=\"c920fbc\" data-element_type=\"widget\" data-widget_type=\"heading.default\">\n\t\t\t\t<div class=\"elementor-widget-container\">\n\t\t\t<h5 class=\"elementor-heading-title elementor-size-default\">Uma resposta em 2 dias<\/h5>\t\t<\/div>\n\t\t\t\t<\/div>\n\t\t\t\t<div class=\"elementor-element elementor-element-3d28997 elementor-widget elementor-widget-text-editor\" data-id=\"3d28997\" data-element_type=\"widget\" data-widget_type=\"text-editor.default\">\n\t\t\t\t<div class=\"elementor-widget-container\">\n\t\t\t\t\t\t\t<p>Entraremos em contato e informaremos quais documentos precisamos de si. Em seguida, calcularemos sua declara\u00e7\u00e3o de impostos de uma maneira descomplicada.<\/p>\t\t\t\t\t\t<\/div>\n\t\t\t\t<\/div>\n\t\t\t\t\t<\/div>\n\t\t<\/div>\n\t\t\t\t\t<\/div>\n\t\t<\/section>\n\t\t\t\t<\/div>","protected":false},"excerpt":{"rendered":"<p>Steuererkl\u00e4rung Wir nehmen Ihnen die Steuererkl\u00e4rung ab! In der Steuererkl\u00e4rung k\u00f6nnen Sie viel Zeit, Energie und Geld verlieren.\u00a0Unsere Profis optimieren Ihre Steuern, beraten Sie und f\u00fcllen Ihre Steuererkl\u00e4rung f\u00fcr Sie aus, damit Sie sich sicher f\u00fchlen k\u00f6nnen. Kontaktieren Sie uns Schritt 1 Kontaktieren Sie uns F\u00fcllen Sie v\u00f6llig unverbindlich und unkompliziert unser Kontaktformular aus oder [\u2026]<\/p>","protected":false},"author":2,"featured_media":31899,"parent":0,"menu_order":4,"comment_status":"closed","ping_status":"closed","template":"elementor_header_footer","meta":{"footnotes":""},"class_list":["post-30512","page","type-page","status-publish","has-post-thumbnail","hentry"],"aioseo_notices":[],"_links":{"self":[{"href":"https:\/\/centrallusitana-rf.ch\/pt\/wp-json\/wp\/v2\/pages\/30512"}],"collection":[{"href":"https:\/\/centrallusitana-rf.ch\/pt\/wp-json\/wp\/v2\/pages"}],"about":[{"href":"https:\/\/centrallusitana-rf.ch\/pt\/wp-json\/wp\/v2\/types\/page"}],"author":[{"embeddable":true,"href":"https:\/\/centrallusitana-rf.ch\/pt\/wp-json\/wp\/v2\/users\/2"}],"replies":[{"embeddable":true,"href":"https:\/\/centrallusitana-rf.ch\/pt\/wp-json\/wp\/v2\/comments?post=30512"}],"version-history":[{"count":10,"href":"https:\/\/centrallusitana-rf.ch\/pt\/wp-json\/wp\/v2\/pages\/30512\/revisions"}],"predecessor-version":[{"id":31903,"href":"https:\/\/centrallusitana-rf.ch\/pt\/wp-json\/wp\/v2\/pages\/30512\/revisions\/31903"}],"wp:featuredmedia":[{"embeddable":true,"href":"https:\/\/centrallusitana-rf.ch\/pt\/wp-json\/wp\/v2\/media\/31899"}],"wp:attachment":[{"href":"https:\/\/centrallusitana-rf.ch\/pt\/wp-json\/wp\/v2\/media?parent=30512"}],"curies":[{"name":"wp","href":"https:\/\/api.w.org\/{rel}","templated":true}]}}